{"id":3303,"date":"2023-12-25T11:51:28","date_gmt":"2023-12-25T11:51:28","guid":{"rendered":"https:\/\/conceptpanorama.com\/?page_id=3303"},"modified":"2024-01-09T13:35:26","modified_gmt":"2024-01-09T13:35:26","slug":"komercijalna-fotografija","status":"publish","type":"page","link":"https:\/\/conceptpanorama.com\/en\/komercijalna-fotografija\/","title":{"rendered":"Commercial photography"},"content":{"rendered":"<div data-elementor-type=\"wp-page\" data-elementor-id=\"3303\" class=\"elementor elementor-3303\">\n\t\t\t\t\t\t<section class=\"elementor-section elementor-top-section elementor-element elementor-element-df8d78d elementor-section-full_width elementor-section-height-default elementor-section-height-default\" data-id=\"df8d78d\" data-element_type=\"section\">\n\t\t\t\t\t\t<div class=\"elementor-container elementor-column-gap-no\">\n\t\t\t\t\t<div class=\"elementor-column elementor-col-100 elementor-top-column elementor-element elementor-element-3c2702b\" data-id=\"3c2702b\" data-element_type=\"column\">\n\t\t\t<div class=\"elementor-widget-wrap elementor-element-populated\">\n\t\t\t\t\t\t<div class=\"elementor-element elementor-element-d1bb486 elementor-widget elementor-widget-oblo-section-heading\" data-id=\"d1bb486\" data-element_type=\"widget\" data-widget_type=\"oblo-section-heading.default\">\n\t\t\t\t<div class=\"elementor-widget-container\">\n\t\t\t\t\t\n\t\t<!-- Section Started Heading -->\n\t\t<div class=\"section section-inner started-heading\">\n\t\t\t<div class=\"container\">\n\t\t\t\t<div class=\"row\">\n\t\t\t\t\t<div class=\"col-xs-12 col-sm-12 col-md-12 col-lg-12\">\n\n\t\t\t\t\t\t<!-- titles -->\n\t\t\t\t\t\t<div class=\"h-titles\">\n\t\t\t\t\t\t\t\t\t\t\t\t\t\t\t\t\t\t\t\t\t<div class=\"h-title splitting-text-anim-2 scroll-animate\" data-splitting=\"chars\" data-animate=\"active\">\n\t\t\t\t\t\t\t\t<span >\n\t\t\t\t\t\t\t\t\tKorporativno Fotografisanje\t\t\t\t\t\t\t\t<\/span>\n\t\t\t\t\t\t\t<\/div>\n\t\t\t\t\t\t\t\t\t\t\t\t\t\t\t\t\t\t\t\t<\/div>\n\n\t\t\t\t\t<\/div>\n\t\t\t\t<\/div>\n\t\t\t<\/div>\n\t\t<\/div>\n\n\t\t\t\t\t\t<\/div>\n\t\t\t\t<\/div>\n\t\t\t\t\t<\/div>\n\t\t<\/div>\n\t\t\t\t\t<\/div>\n\t\t<\/section>\n\t\t\t\t<section class=\"elementor-section elementor-top-section elementor-element elementor-element-6784368 elementor-section-full_width elementor-section-height-default elementor-section-height-default\" data-id=\"6784368\" data-element_type=\"section\">\n\t\t\t\t\t\t<div class=\"elementor-container elementor-column-gap-no\">\n\t\t\t\t\t<div class=\"elementor-column elementor-col-100 elementor-top-column elementor-element elementor-element-43f1002\" data-id=\"43f1002\" data-element_type=\"column\">\n\t\t\t<div class=\"elementor-widget-wrap\">\n\t\t\t\t\t\t\t<\/div>\n\t\t<\/div>\n\t\t\t\t\t<\/div>\n\t\t<\/section>\n\t\t\t\t<section class=\"elementor-section elementor-top-section elementor-element elementor-element-f874b6c elementor-section-full_width elementor-section-height-default elementor-section-height-default\" data-id=\"f874b6c\" data-element_type=\"section\">\n\t\t\t\t\t\t<div class=\"elementor-container elementor-column-gap-no\">\n\t\t\t\t\t<div class=\"elementor-column elementor-col-100 elementor-top-column elementor-element elementor-element-a48fc7b\" data-id=\"a48fc7b\" data-element_type=\"column\">\n\t\t\t<div class=\"elementor-widget-wrap elementor-element-populated\">\n\t\t\t\t\t\t<section class=\"elementor-section elementor-inner-section elementor-element elementor-element-365cde8 elementor-section-full_width elementor-section-height-default elementor-section-height-default\" data-id=\"365cde8\" data-element_type=\"section\">\n\t\t\t\t\t\t<div class=\"elementor-container elementor-column-gap-custom\">\n\t\t\t\t\t<div class=\"elementor-column elementor-col-100 elementor-inner-column elementor-element elementor-element-514daf3\" data-id=\"514daf3\" data-element_type=\"column\">\n\t\t\t<div class=\"elementor-widget-wrap elementor-element-populated\">\n\t\t\t\t\t\t<div class=\"elementor-element elementor-element-e737ca9 scrolla-element-anim-1 scroll-animate elementor-widget elementor-widget-text-editor\" data-id=\"e737ca9\" data-element_type=\"widget\" data-widget_type=\"text-editor.default\">\n\t\t\t\t<div class=\"elementor-widget-container\">\n\t\t\t\t\t\t\t\t\t<p>Kroz zaposlene, radno okru\u017eenje i doga\u0111aje unutar kompanije, prika\u017eite profesionalnost i vrednost va\u0161e firme i vizuelno ostavite utisak koji zaslu\u017euje va\u0161e poslovanje.<\/p>\t\t\t\t\t\t\t\t<\/div>\n\t\t\t\t<\/div>\n\t\t\t\t\t<\/div>\n\t\t<\/div>\n\t\t\t\t\t<\/div>\n\t\t<\/section>\n\t\t\t\t\t<\/div>\n\t\t<\/div>\n\t\t\t\t\t<\/div>\n\t\t<\/section>\n\t\t\t\t<section class=\"elementor-section elementor-top-section elementor-element elementor-element-d68b923 elementor-section-boxed elementor-section-height-default elementor-section-height-default\" data-id=\"d68b923\" data-element_type=\"section\">\n\t\t\t\t\t\t<div class=\"elementor-container elementor-column-gap-default\">\n\t\t\t\t\t<div class=\"elementor-column elementor-col-100 elementor-top-column elementor-element elementor-element-24b1cf5\" data-id=\"24b1cf5\" data-element_type=\"column\">\n\t\t\t<div class=\"elementor-widget-wrap elementor-element-populated\">\n\t\t\t\t\t\t<div class=\"elementor-element elementor-element-a1c0c8f elementor-arrows-position-inside elementor-pagination-position-outside elementor-widget elementor-widget-image-carousel\" data-id=\"a1c0c8f\" data-element_type=\"widget\" data-settings=\"{&quot;navigation&quot;:&quot;both&quot;,&quot;autoplay&quot;:&quot;yes&quot;,&quot;pause_on_hover&quot;:&quot;yes&quot;,&quot;pause_on_interaction&quot;:&quot;yes&quot;,&quot;autoplay_speed&quot;:5000,&quot;infinite&quot;:&quot;yes&quot;,&quot;speed&quot;:500}\" data-widget_type=\"image-carousel.default\">\n\t\t\t\t<div class=\"elementor-widget-container\">\n\t\t\t\t\t\t\t<div class=\"elementor-image-carousel-wrapper swiper\" role=\"region\" aria-roledescription=\"carousel\" aria-label=\"Image Carousel\" dir=\"ltr\">\n\t\t\t<div class=\"elementor-image-carousel swiper-wrapper\" aria-live=\"off\">\n\t\t\t\t\t\t\t\t<div class=\"swiper-slide\" role=\"group\" aria-roledescription=\"slide\" aria-label=\"1 of 4\"><figure class=\"swiper-slide-inner\"><img decoding=\"async\" class=\"swiper-slide-image\" src=\"https:\/\/conceptpanorama.com\/wp-content\/uploads\/2024\/01\/KF3-665x1024.jpg\" alt=\"KF3\" \/><\/figure><\/div><div class=\"swiper-slide\" role=\"group\" aria-roledescription=\"slide\" aria-label=\"2 of 4\"><figure class=\"swiper-slide-inner\"><img decoding=\"async\" class=\"swiper-slide-image\" src=\"https:\/\/conceptpanorama.com\/wp-content\/uploads\/2024\/01\/KF1-665x1024.jpg\" alt=\"KF1\" \/><\/figure><\/div><div class=\"swiper-slide\" role=\"group\" aria-roledescription=\"slide\" aria-label=\"3 of 4\"><figure class=\"swiper-slide-inner\"><img decoding=\"async\" class=\"swiper-slide-image\" src=\"https:\/\/conceptpanorama.com\/wp-content\/uploads\/2024\/01\/KF2-665x1024.jpg\" alt=\"KF2\" \/><\/figure><\/div><div class=\"swiper-slide\" role=\"group\" aria-roledescription=\"slide\" aria-label=\"4 of 4\"><figure class=\"swiper-slide-inner\"><img decoding=\"async\" class=\"swiper-slide-image\" src=\"https:\/\/conceptpanorama.com\/wp-content\/uploads\/2023\/03\/WhatsApp-Image-2023-03-23-at-14.31.00.jpg\" alt=\"WhatsApp Image 2023-03-23 at 14.31.00\" \/><\/figure><\/div>\t\t\t<\/div>\n\t\t\t\t\t\t\t\t\t\t\t\t<div class=\"elementor-swiper-button elementor-swiper-button-prev\" role=\"button\" tabindex=\"0\">\n\t\t\t\t\t\t<i aria-hidden=\"true\" class=\"eicon-chevron-left\"><\/i>\t\t\t\t\t<\/div>\n\t\t\t\t\t<div class=\"elementor-swiper-button elementor-swiper-button-next\" role=\"button\" tabindex=\"0\">\n\t\t\t\t\t\t<i aria-hidden=\"true\" class=\"eicon-chevron-right\"><\/i>\t\t\t\t\t<\/div>\n\t\t\t\t\n\t\t\t\t\t\t\t\t\t<div class=\"swiper-pagination\"><\/div>\n\t\t\t\t\t\t\t\t\t<\/div>\n\t\t\t\t\t\t<\/div>\n\t\t\t\t<\/div>\n\t\t\t\t\t<\/div>\n\t\t<\/div>\n\t\t\t\t\t<\/div>\n\t\t<\/section>\n\t\t\t\t<\/div>","protected":false},"excerpt":{"rendered":"<p>Korporativno Fotografisanje Kroz zaposlene, radno okru\u017eenje i doga\u0111aje unutar kompanije, prika\u017eite profesionalnost i vrednost va\u0161e firme i vizuelno ostavite utisak koji zaslu\u017euje va\u0161e poslovanje.<\/p>","protected":false},"author":1,"featured_media":0,"parent":0,"menu_order":0,"comment_status":"closed","ping_status":"closed","template":"template-layout-builder.php","meta":{"_eb_attr":"","om_disable_all_campaigns":false,"_uag_custom_page_level_css":"","_monsterinsights_skip_tracking":false,"_monsterinsights_sitenote_active":false,"_monsterinsights_sitenote_note":"","_monsterinsights_sitenote_category":0,"_uf_show_specific_survey":0,"_uf_disable_surveys":false,"footnotes":""},"class_list":["post-3303","page","type-page","status-publish","hentry"],"acf":[],"aioseo_notices":[],"yoast_head":"<!-- This site is optimized with the Yoast SEO plugin v24.7 - https:\/\/yoast.com\/wordpress\/plugins\/seo\/ -->\n<title>Komercijalna fotografija - Concept Panorama<\/title>\n<meta name=\"robots\" content=\"index, follow, max-snippet:-1, max-image-preview:large, max-video-preview:-1\" \/>\n<link rel=\"canonical\" href=\"https:\/\/conceptpanorama.com\/en\/komercijalna-fotografija\/\" \/>\n<meta property=\"og:locale\" content=\"en_US\" \/>\n<meta property=\"og:type\" content=\"article\" \/>\n<meta property=\"og:title\" content=\"Komercijalna fotografija - Concept Panorama\" \/>\n<meta property=\"og:description\" content=\"Korporativno Fotografisanje Kroz zaposlene, radno okru\u017eenje i doga\u0111aje unutar kompanije, prika\u017eite profesionalnost i vrednost va\u0161e firme i vizuelno ostavite utisak koji zaslu\u017euje va\u0161e poslovanje.\" \/>\n<meta property=\"og:url\" content=\"https:\/\/conceptpanorama.com\/en\/komercijalna-fotografija\/\" \/>\n<meta property=\"og:site_name\" content=\"Concept Panorama\" \/>\n<meta property=\"article:modified_time\" content=\"2024-01-09T13:35:26+00:00\" \/>\n<meta property=\"og:image\" content=\"https:\/\/conceptpanorama.com\/wp-content\/uploads\/2024\/01\/KF3-665x1024.jpg\" \/>\n<meta name=\"twitter:card\" content=\"summary_large_image\" \/>\n<meta name=\"twitter:label1\" content=\"Est. reading time\" \/>\n\t<meta name=\"twitter:data1\" content=\"3 minutes\" \/>\n<script type=\"application\/ld+json\" class=\"yoast-schema-graph\">{\"@context\":\"https:\/\/schema.org\",\"@graph\":[{\"@type\":\"WebPage\",\"@id\":\"https:\/\/conceptpanorama.com\/komercijalna-fotografija\/\",\"url\":\"https:\/\/conceptpanorama.com\/komercijalna-fotografija\/\",\"name\":\"Komercijalna fotografija - Concept Panorama\",\"isPartOf\":{\"@id\":\"https:\/\/conceptpanorama.com\/#website\"},\"primaryImageOfPage\":{\"@id\":\"https:\/\/conceptpanorama.com\/komercijalna-fotografija\/#primaryimage\"},\"image\":{\"@id\":\"https:\/\/conceptpanorama.com\/komercijalna-fotografija\/#primaryimage\"},\"thumbnailUrl\":\"https:\/\/conceptpanorama.com\/wp-content\/uploads\/2024\/01\/KF3-665x1024.jpg\",\"datePublished\":\"2023-12-25T11:51:28+00:00\",\"dateModified\":\"2024-01-09T13:35:26+00:00\",\"breadcrumb\":{\"@id\":\"https:\/\/conceptpanorama.com\/komercijalna-fotografija\/#breadcrumb\"},\"inLanguage\":\"en-US\",\"potentialAction\":[{\"@type\":\"ReadAction\",\"target\":[\"https:\/\/conceptpanorama.com\/komercijalna-fotografija\/\"]}]},{\"@type\":\"ImageObject\",\"inLanguage\":\"en-US\",\"@id\":\"https:\/\/conceptpanorama.com\/komercijalna-fotografija\/#primaryimage\",\"url\":\"https:\/\/conceptpanorama.com\/wp-content\/uploads\/2024\/01\/KF3-665x1024.jpg\",\"contentUrl\":\"https:\/\/conceptpanorama.com\/wp-content\/uploads\/2024\/01\/KF3-665x1024.jpg\"},{\"@type\":\"BreadcrumbList\",\"@id\":\"https:\/\/conceptpanorama.com\/komercijalna-fotografija\/#breadcrumb\",\"itemListElement\":[{\"@type\":\"ListItem\",\"position\":1,\"name\":\"Home\",\"item\":\"https:\/\/conceptpanorama.com\/\"},{\"@type\":\"ListItem\",\"position\":2,\"name\":\"Komercijalna fotografija\"}]},{\"@type\":\"WebSite\",\"@id\":\"https:\/\/conceptpanorama.com\/#website\",\"url\":\"https:\/\/conceptpanorama.com\/\",\"name\":\"Concept Panorama\",\"description\":\"Another Creative Day\",\"publisher\":{\"@id\":\"https:\/\/conceptpanorama.com\/#organization\"},\"potentialAction\":[{\"@type\":\"SearchAction\",\"target\":{\"@type\":\"EntryPoint\",\"urlTemplate\":\"https:\/\/conceptpanorama.com\/?s={search_term_string}\"},\"query-input\":{\"@type\":\"PropertyValueSpecification\",\"valueRequired\":true,\"valueName\":\"search_term_string\"}}],\"inLanguage\":\"en-US\"},{\"@type\":\"Organization\",\"@id\":\"https:\/\/conceptpanorama.com\/#organization\",\"name\":\"Concept Panorama\",\"url\":\"https:\/\/conceptpanorama.com\/\",\"logo\":{\"@type\":\"ImageObject\",\"inLanguage\":\"en-US\",\"@id\":\"https:\/\/conceptpanorama.com\/#\/schema\/logo\/image\/\",\"url\":\"https:\/\/conceptpanorama.com\/wp-content\/uploads\/2023\/03\/logo-white.png\",\"contentUrl\":\"https:\/\/conceptpanorama.com\/wp-content\/uploads\/2023\/03\/logo-white.png\",\"width\":124,\"height\":44,\"caption\":\"Concept Panorama\"},\"image\":{\"@id\":\"https:\/\/conceptpanorama.com\/#\/schema\/logo\/image\/\"}}]}<\/script>\n<!-- \/ Yoast SEO plugin. -->","yoast_head_json":{"title":"Komercijalna fotografija - Concept Panorama","robots":{"index":"index","follow":"follow","max-snippet":"max-snippet:-1","max-image-preview":"max-image-preview:large","max-video-preview":"max-video-preview:-1"},"canonical":"https:\/\/conceptpanorama.com\/en\/komercijalna-fotografija\/","og_locale":"en_US","og_type":"article","og_title":"Komercijalna fotografija - Concept Panorama","og_description":"Korporativno Fotografisanje Kroz zaposlene, radno okru\u017eenje i doga\u0111aje unutar kompanije, prika\u017eite profesionalnost i vrednost va\u0161e firme i vizuelno ostavite utisak koji zaslu\u017euje va\u0161e poslovanje.","og_url":"https:\/\/conceptpanorama.com\/en\/komercijalna-fotografija\/","og_site_name":"Concept Panorama","article_modified_time":"2024-01-09T13:35:26+00:00","og_image":[{"url":"https:\/\/conceptpanorama.com\/wp-content\/uploads\/2024\/01\/KF3-665x1024.jpg","type":"","width":"","height":""}],"twitter_card":"summary_large_image","twitter_misc":{"Est. reading time":"3 minutes"},"schema":{"@context":"https:\/\/schema.org","@graph":[{"@type":"WebPage","@id":"https:\/\/conceptpanorama.com\/komercijalna-fotografija\/","url":"https:\/\/conceptpanorama.com\/komercijalna-fotografija\/","name":"Komercijalna fotografija - Concept Panorama","isPartOf":{"@id":"https:\/\/conceptpanorama.com\/#website"},"primaryImageOfPage":{"@id":"https:\/\/conceptpanorama.com\/komercijalna-fotografija\/#primaryimage"},"image":{"@id":"https:\/\/conceptpanorama.com\/komercijalna-fotografija\/#primaryimage"},"thumbnailUrl":"https:\/\/conceptpanorama.com\/wp-content\/uploads\/2024\/01\/KF3-665x1024.jpg","datePublished":"2023-12-25T11:51:28+00:00","dateModified":"2024-01-09T13:35:26+00:00","breadcrumb":{"@id":"https:\/\/conceptpanorama.com\/komercijalna-fotografija\/#breadcrumb"},"inLanguage":"en-US","potentialAction":[{"@type":"ReadAction","target":["https:\/\/conceptpanorama.com\/komercijalna-fotografija\/"]}]},{"@type":"ImageObject","inLanguage":"en-US","@id":"https:\/\/conceptpanorama.com\/komercijalna-fotografija\/#primaryimage","url":"https:\/\/conceptpanorama.com\/wp-content\/uploads\/2024\/01\/KF3-665x1024.jpg","contentUrl":"https:\/\/conceptpanorama.com\/wp-content\/uploads\/2024\/01\/KF3-665x1024.jpg"},{"@type":"BreadcrumbList","@id":"https:\/\/conceptpanorama.com\/komercijalna-fotografija\/#breadcrumb","itemListElement":[{"@type":"ListItem","position":1,"name":"Home","item":"https:\/\/conceptpanorama.com\/"},{"@type":"ListItem","position":2,"name":"Komercijalna fotografija"}]},{"@type":"WebSite","@id":"https:\/\/conceptpanorama.com\/#website","url":"https:\/\/conceptpanorama.com\/","name":"Concept Panorama","description":"Another Creative Day","publisher":{"@id":"https:\/\/conceptpanorama.com\/#organization"},"potentialAction":[{"@type":"SearchAction","target":{"@type":"EntryPoint","urlTemplate":"https:\/\/conceptpanorama.com\/?s={search_term_string}"},"query-input":{"@type":"PropertyValueSpecification","valueRequired":true,"valueName":"search_term_string"}}],"inLanguage":"en-US"},{"@type":"Organization","@id":"https:\/\/conceptpanorama.com\/#organization","name":"Concept Panorama","url":"https:\/\/conceptpanorama.com\/","logo":{"@type":"ImageObject","inLanguage":"en-US","@id":"https:\/\/conceptpanorama.com\/#\/schema\/logo\/image\/","url":"https:\/\/conceptpanorama.com\/wp-content\/uploads\/2023\/03\/logo-white.png","contentUrl":"https:\/\/conceptpanorama.com\/wp-content\/uploads\/2023\/03\/logo-white.png","width":124,"height":44,"caption":"Concept Panorama"},"image":{"@id":"https:\/\/conceptpanorama.com\/#\/schema\/logo\/image\/"}}]}},"uagb_featured_image_src":{"full":false,"thumbnail":false,"medium":false,"medium_large":false,"large":false,"1536x1536":false,"2048x2048":false,"trp-custom-language-flag":false,"oblo_800x800":false,"oblo_900x900":false,"oblo_900xAuto":false,"oblo_920x1080":false,"oblo_970x621":false,"oblo_1080x1080":false,"oblo_1170x658":false,"oblo_1200x800":false,"oblo_1920xAuto":false,"oblo_1920x1080":false},"uagb_author_info":{"display_name":"panoramastudio","author_link":"https:\/\/conceptpanorama.com\/en\/author\/panoramastudio\/"},"uagb_comment_info":0,"uagb_excerpt":"Korporativno Fotografisanje Kroz zaposlene, radno okru\u017eenje i doga\u0111aje unutar kompanije, prika\u017eite profesionalnost i vrednost va\u0161e firme i vizuelno ostavite utisak koji zaslu\u017euje va\u0161e poslovanje.","_links":{"self":[{"href":"https:\/\/conceptpanorama.com\/en\/wp-json\/wp\/v2\/pages\/3303","targetHints":{"allow":["GET"]}}],"collection":[{"href":"https:\/\/conceptpanorama.com\/en\/wp-json\/wp\/v2\/pages"}],"about":[{"href":"https:\/\/conceptpanorama.com\/en\/wp-json\/wp\/v2\/types\/page"}],"author":[{"embeddable":true,"href":"https:\/\/conceptpanorama.com\/en\/wp-json\/wp\/v2\/users\/1"}],"replies":[{"embeddable":true,"href":"https:\/\/conceptpanorama.com\/en\/wp-json\/wp\/v2\/comments?post=3303"}],"version-history":[{"count":19,"href":"https:\/\/conceptpanorama.com\/en\/wp-json\/wp\/v2\/pages\/3303\/revisions"}],"predecessor-version":[{"id":3494,"href":"https:\/\/conceptpanorama.com\/en\/wp-json\/wp\/v2\/pages\/3303\/revisions\/3494"}],"wp:attachment":[{"href":"https:\/\/conceptpanorama.com\/en\/wp-json\/wp\/v2\/media?parent=3303"}],"curies":[{"name":"wp","href":"https:\/\/api.w.org\/{rel}","templated":true}]}}